{"id":72,"date":"2026-05-06T19:03:24","date_gmt":"2026-05-06T22:03:24","guid":{"rendered":"http:\/\/www.ciapaulistadevelas.com.br\/?post_type=product&#038;p=72"},"modified":"2026-05-06T19:08:05","modified_gmt":"2026-05-06T22:08:05","slug":"ogum-rocha-r-20-cm-umbanda-candomble","status":"publish","type":"product","link":"https:\/\/www.ciapaulistadevelas.com.br\/index.php\/produto\/ogum-rocha-r-20-cm-umbanda-candomble\/","title":{"rendered":"Ogum Rocha (R) 20 cm &#8211; Umbanda Candomble"},"content":{"rendered":"<h3 data-start=\"208\" data-end=\"245\"><strong data-start=\"212\" data-end=\"245\">Imagem Ogum \u2013 Studio Orion<\/strong><\/h3>\n<p data-start=\"507\" data-end=\"538\"><strong data-start=\"507\" data-end=\"538\">Caracter\u00edsticas do produto:<\/strong><\/p>\n<ul data-start=\"539\" data-end=\"870\">\n<li data-start=\"539\" data-end=\"634\">\n<p data-start=\"541\" data-end=\"634\"><strong data-start=\"541\" data-end=\"555\">Dimens\u00f5es:<\/strong>\u00a020 cm (altura) x 19 cm (largura) x 18 cm (profundidade) \u2013 medidas aproximadas.<\/p>\n<\/li>\n<li data-start=\"635\" data-end=\"690\">\n<p data-start=\"637\" data-end=\"690\"><strong data-start=\"637\" data-end=\"650\">Material:<\/strong>\u00a0Resina poli\u00e9ster de alta resist\u00eancia.<\/p>\n<\/li>\n<li data-start=\"691\" data-end=\"794\">\n<p data-start=\"693\" data-end=\"794\"><strong data-start=\"693\" data-end=\"708\">Acabamento:<\/strong>\u00a0Pintura manual \u2013 pequenas varia\u00e7\u00f5es de cor podem ocorrer, tornando cada pe\u00e7a \u00fanica.<\/p>\n<\/li>\n<li data-start=\"795\" data-end=\"870\">\n<p data-start=\"797\" data-end=\"870\"><strong data-start=\"797\" data-end=\"808\">Origem:<\/strong>\u00a0Produto nacional, produzido artesanalmente pela Studio Orion.<\/p>\n<\/li>\n<\/ul>\n<p data-start=\"872\" data-end=\"900\"><strong data-start=\"872\" data-end=\"900\">Informa\u00e7\u00f5es importantes:<\/strong><\/p>\n<ul data-start=\"901\" data-end=\"1266\">\n<li data-start=\"901\" data-end=\"1005\">\n<p data-start=\"903\" data-end=\"1005\">Produto\u00a0<strong data-start=\"911\" data-end=\"931\">\u00e0 pronta entrega<\/strong>. Pedidos confirmados at\u00e9 as\u00a0<strong data-start=\"960\" data-end=\"967\">14h<\/strong>\u00a0s\u00e3o enviados\u00a0<strong data-start=\"981\" data-end=\"1002\">no mesmo dia \u00fatil<\/strong>.<\/p>\n<\/li>\n<li data-start=\"1006\" data-end=\"1157\">\n<p data-start=\"1008\" data-end=\"1157\">Todos os envios possuem\u00a0<strong data-start=\"1032\" data-end=\"1042\">seguro<\/strong>\u00a0\u2013 caso haja qualquer problema com o transporte, garantimos\u00a0<strong data-start=\"1102\" data-end=\"1128\">reembolso ou reposi\u00e7\u00e3o<\/strong>\u00a0do produto sem burocracia.<\/p>\n<\/li>\n<li data-start=\"1158\" data-end=\"1266\">\n<p data-start=\"1160\" data-end=\"1266\">Envio para todo o Brasil com op\u00e7\u00f5es de frete r\u00e1pido e\u00a0<strong data-start=\"1214\" data-end=\"1263\">entrega no mesmo dia para S\u00e3o Paulo (capital)<\/strong>.<\/p>\n<\/li>\n<\/ul>\n","protected":false},"excerpt":{"rendered":"<p data-start=\"174\" data-end=\"515\">Imagem Preto Velho 40 cm em resina, com pintura artesanal. Pe\u00e7a de devo\u00e7\u00e3o e decora\u00e7\u00e3o espiritual, ideal para altares e espa\u00e7os de ora\u00e7\u00e3o.<\/p>\n","protected":false},"featured_media":74,"comment_status":"open","ping_status":"closed","template":"","meta":[],"product_brand":[],"product_cat":[18],"product_tag":[],"class_list":{"0":"post-72","1":"product","2":"type-product","3":"status-publish","4":"has-post-thumbnail","6":"product_cat-pretos-velhos","8":"first","9":"instock","10":"shipping-taxable","11":"purchasable","12":"product-type-simple"},"_links":{"self":[{"href":"https:\/\/www.ciapaulistadevelas.com.br\/index.php\/wp-json\/wp\/v2\/product\/72","targetHints":{"allow":["GET"]}}],"collection":[{"href":"https:\/\/www.ciapaulistadevelas.com.br\/index.php\/wp-json\/wp\/v2\/product"}],"about":[{"href":"https:\/\/www.ciapaulistadevelas.com.br\/index.php\/wp-json\/wp\/v2\/types\/product"}],"replies":[{"embeddable":true,"href":"https:\/\/www.ciapaulistadevelas.com.br\/index.php\/wp-json\/wp\/v2\/comments?post=72"}],"wp:featuredmedia":[{"embeddable":true,"href":"https:\/\/www.ciapaulistadevelas.com.br\/index.php\/wp-json\/wp\/v2\/media\/74"}],"wp:attachment":[{"href":"https:\/\/www.ciapaulistadevelas.com.br\/index.php\/wp-json\/wp\/v2\/media?parent=72"}],"wp:term":[{"taxonomy":"product_brand","embeddable":true,"href":"https:\/\/www.ciapaulistadevelas.com.br\/index.php\/wp-json\/wp\/v2\/product_brand?post=72"},{"taxonomy":"product_cat","embeddable":true,"href":"https:\/\/www.ciapaulistadevelas.com.br\/index.php\/wp-json\/wp\/v2\/product_cat?post=72"},{"taxonomy":"product_tag","embeddable":true,"href":"https:\/\/www.ciapaulistadevelas.com.br\/index.php\/wp-json\/wp\/v2\/product_tag?post=72"}],"curies":[{"name":"wp","href":"https:\/\/api.w.org\/{rel}","templated":true}]}}