{"id":77,"date":"2026-05-06T19:13:28","date_gmt":"2026-05-06T22:13:28","guid":{"rendered":"http:\/\/www.ciapaulistadevelas.com.br\/?post_type=product&#038;p=77"},"modified":"2026-05-06T19:14:09","modified_gmt":"2026-05-06T22:14:09","slug":"vela-7-dias","status":"publish","type":"product","link":"https:\/\/www.ciapaulistadevelas.com.br\/index.php\/produto\/vela-7-dias\/","title":{"rendered":"Vela 7 dias"},"content":{"rendered":"<p>Parte do processo de embalagem das velas 7Dias.<br \/>\nDescanso e secagem da embalagem para fechamento.<br \/>\n#velasvotivas #velasetedias #velas #parafina #fabricadevelas #ciapaulistadevelas<br \/>\nVendas em Atacado e Varejo<br \/>\nMaiores informa\u00e7\u00f5es atrav\u00e9s do nosso whatsapp 14996962089<br \/>\nCia Paulista de Velas<br \/>\nRua Jalisco, 93 &#8211; Village<br \/>\nLen\u00e7\u00f3is Paulista\/SP<\/p>\n","protected":false},"excerpt":{"rendered":"<p>Parte do processo de embalagem das velas 7Dias. Descanso e secagem da embalagem para fechamento. #velasvotivas #velasetedias #velas #parafina #fabricadevelas #ciapaulistadevelas Vendas em Atacado e Varejo Maiores informa\u00e7\u00f5es atrav\u00e9s do nosso whatsapp 14996962089 Cia Paulista de Velas Rua Jalisco, 93 &#8211; Village Len\u00e7\u00f3is Paulista\/SP<\/p>\n","protected":false},"featured_media":78,"comment_status":"open","ping_status":"closed","template":"","meta":[],"product_brand":[],"product_cat":[15],"product_tag":[],"class_list":{"0":"post-77","1":"product","2":"type-product","3":"status-publish","4":"has-post-thumbnail","6":"product_cat-sem-categoria","8":"first","9":"instock","10":"shipping-taxable","11":"purchasable","12":"product-type-simple"},"_links":{"self":[{"href":"https:\/\/www.ciapaulistadevelas.com.br\/index.php\/wp-json\/wp\/v2\/product\/77","targetHints":{"allow":["GET"]}}],"collection":[{"href":"https:\/\/www.ciapaulistadevelas.com.br\/index.php\/wp-json\/wp\/v2\/product"}],"about":[{"href":"https:\/\/www.ciapaulistadevelas.com.br\/index.php\/wp-json\/wp\/v2\/types\/product"}],"replies":[{"embeddable":true,"href":"https:\/\/www.ciapaulistadevelas.com.br\/index.php\/wp-json\/wp\/v2\/comments?post=77"}],"wp:featuredmedia":[{"embeddable":true,"href":"https:\/\/www.ciapaulistadevelas.com.br\/index.php\/wp-json\/wp\/v2\/media\/78"}],"wp:attachment":[{"href":"https:\/\/www.ciapaulistadevelas.com.br\/index.php\/wp-json\/wp\/v2\/media?parent=77"}],"wp:term":[{"taxonomy":"product_brand","embeddable":true,"href":"https:\/\/www.ciapaulistadevelas.com.br\/index.php\/wp-json\/wp\/v2\/product_brand?post=77"},{"taxonomy":"product_cat","embeddable":true,"href":"https:\/\/www.ciapaulistadevelas.com.br\/index.php\/wp-json\/wp\/v2\/product_cat?post=77"},{"taxonomy":"product_tag","embeddable":true,"href":"https:\/\/www.ciapaulistadevelas.com.br\/index.php\/wp-json\/wp\/v2\/product_tag?post=77"}],"curies":[{"name":"wp","href":"https:\/\/api.w.org\/{rel}","templated":true}]}}